{"id":73,"date":"2018-10-23T08:32:35","date_gmt":"2018-10-23T08:32:35","guid":{"rendered":"https:\/\/futuriodemos.com\/default-demo\/?page_id=72"},"modified":"2022-12-05T11:43:11","modified_gmt":"2022-12-05T10:43:11","slug":"contact","status":"publish","type":"page","link":"https:\/\/loudeac-entreprendre.com\/index.php\/contact\/","title":{"rendered":"Contact"},"content":{"rendered":"\t\t<div data-elementor-type=\"wp-post\" data-elementor-id=\"73\" class=\"elementor elementor-73\">\n\t\t\t\t\t\t<section class=\"elementor-section elementor-top-section elementor-element elementor-element-3d53e194 elementor-section-full_width elementor-section-stretched elementor-section-height-default elementor-section-height-default\" data-id=\"3d53e194\" data-element_type=\"section\" data-settings=\"{&quot;stretch_section&quot;:&quot;section-stretched&quot;}\">\n\t\t\t\t\t\t<div class=\"elementor-container elementor-column-gap-no\">\n\t\t\t\t\t<div class=\"elementor-column elementor-col-100 elementor-top-column elementor-element elementor-element-100d57f1\" data-id=\"100d57f1\" data-element_type=\"column\">\n\t\t\t<div class=\"elementor-widget-wrap elementor-element-populated\">\n\t\t\t\t\t\t<div class=\"elementor-element elementor-element-441c0160 elementor-widget elementor-widget-google_maps\" data-id=\"441c0160\" data-element_type=\"widget\" data-widget_type=\"google_maps.default\">\n\t\t\t\t<div class=\"elementor-widget-container\">\n\t\t\t<style>\/*! elementor - v3.21.0 - 25-04-2024 *\/\n.elementor-widget-google_maps .elementor-widget-container{overflow:hidden}.elementor-widget-google_maps .elementor-custom-embed{line-height:0}.elementor-widget-google_maps iframe{height:300px}<\/style>\t\t<div class=\"elementor-custom-embed\">\n\t\t\t<iframe loading=\"lazy\"\n\t\t\t\t\tsrc=\"https:\/\/maps.google.com\/maps?q=36%20rue%20de%20Moncontour%2022600%20Loud%C3%A9ac&#038;t=m&#038;z=18&#038;output=embed&#038;iwloc=near\"\n\t\t\t\t\ttitle=\"36 rue de Moncontour 22600 Loud\u00e9ac\"\n\t\t\t\t\taria-label=\"36 rue de Moncontour 22600 Loud\u00e9ac\"\n\t\t\t><\/iframe>\n\t\t<\/div>\n\t\t\t\t<\/div>\n\t\t\t\t<\/div>\n\t\t\t\t\t<\/div>\n\t\t<\/div>\n\t\t\t\t\t<\/div>\n\t\t<\/section>\n\t\t\t\t<section class=\"elementor-section elementor-top-section elementor-element elementor-element-e418a57 elementor-section-stretched elementor-section-content-middle elementor-section-height-min-height elementor-section-boxed elementor-section-height-default elementor-section-items-middle\" data-id=\"e418a57\" data-element_type=\"section\" data-settings=\"{&quot;stretch_section&quot;:&quot;section-stretched&quot;,&quot;background_background&quot;:&quot;classic&quot;}\">\n\t\t\t\t\t\t<div class=\"elementor-container elementor-column-gap-default\">\n\t\t\t\t\t<div class=\"elementor-column elementor-col-100 elementor-top-column elementor-element elementor-element-010629f elementor-invisible\" data-id=\"010629f\" data-element_type=\"column\" data-settings=\"{&quot;animation&quot;:&quot;slideInLeft&quot;}\">\n\t\t\t<div class=\"elementor-widget-wrap elementor-element-populated\">\n\t\t\t\t\t\t<section class=\"elementor-section elementor-inner-section elementor-element elementor-element-6cce9d5 elementor-section-boxed elementor-section-height-default elementor-section-height-default\" data-id=\"6cce9d5\" data-element_type=\"section\">\n\t\t\t\t\t\t<div class=\"elementor-container elementor-column-gap-default\">\n\t\t\t\t\t<div class=\"elementor-column elementor-col-100 elementor-inner-column elementor-element elementor-element-9a08bc5\" data-id=\"9a08bc5\" data-element_type=\"column\">\n\t\t\t<div class=\"elementor-widget-wrap elementor-element-populated\">\n\t\t\t\t\t\t<div class=\"elementor-element elementor-element-f81ab46 elementor-widget elementor-widget-heading\" data-id=\"f81ab46\" data-element_type=\"widget\" data-widget_type=\"heading.default\">\n\t\t\t\t<div class=\"elementor-widget-container\">\n\t\t\t<style>\/*! elementor - v3.21.0 - 25-04-2024 *\/\n.elementor-heading-title{padding:0;margin:0;line-height:1}.elementor-widget-heading .elementor-heading-title[class*=elementor-size-]>a{color:inherit;font-size:inherit;line-height:inherit}.elementor-widget-heading .elementor-heading-title.elementor-size-small{font-size:15px}.elementor-widget-heading .elementor-heading-title.elementor-size-medium{font-size:19px}.elementor-widget-heading .elementor-heading-title.elementor-size-large{font-size:29px}.elementor-widget-heading .elementor-heading-title.elementor-size-xl{font-size:39px}.elementor-widget-heading .elementor-heading-title.elementor-size-xxl{font-size:59px}<\/style><h2 class=\"elementor-heading-title elementor-size-default\">Contactez nous<\/h2>\t\t<\/div>\n\t\t\t\t<\/div>\n\t\t\t\t<div class=\"elementor-element elementor-element-618df81 elementor-widget elementor-widget-text-editor\" data-id=\"618df81\" data-element_type=\"widget\" data-widget_type=\"text-editor.default\">\n\t\t\t\t<div class=\"elementor-widget-container\">\n\t\t\t<style>\/*! elementor - v3.21.0 - 25-04-2024 *\/\n.elementor-widget-text-editor.elementor-drop-cap-view-stacked .elementor-drop-cap{background-color:#69727d;color:#fff}.elementor-widget-text-editor.elementor-drop-cap-view-framed .elementor-drop-cap{color:#69727d;border:3px solid;background-color:transparent}.elementor-widget-text-editor:not(.elementor-drop-cap-view-default) .elementor-drop-cap{margin-top:8px}.elementor-widget-text-editor:not(.elementor-drop-cap-view-default) .elementor-drop-cap-letter{width:1em;height:1em}.elementor-widget-text-editor .elementor-drop-cap{float:left;text-align:center;line-height:1;font-size:50px}.elementor-widget-text-editor .elementor-drop-cap-letter{display:inline-block}<\/style>\t\t\t\t<p>Depuis cet \u00e9t\u00e9 Manon nous a rejoint afin de nous aider pour l&rsquo;organisations, cependant elle n&rsquo;est disponible que le Vendredi.<\/p>\t\t\t\t\t\t<\/div>\n\t\t\t\t<\/div>\n\t\t\t\t\t<\/div>\n\t\t<\/div>\n\t\t\t\t\t<\/div>\n\t\t<\/section>\n\t\t\t\t<section class=\"elementor-section elementor-inner-section elementor-element elementor-element-62af672 elementor-section-boxed elementor-section-height-default elementor-section-height-default\" data-id=\"62af672\" data-element_type=\"section\">\n\t\t\t\t\t\t<div class=\"elementor-container elementor-column-gap-default\">\n\t\t\t\t\t<div class=\"elementor-column elementor-col-50 elementor-inner-column elementor-element elementor-element-d39fc83\" data-id=\"d39fc83\" data-element_type=\"column\">\n\t\t\t<div class=\"elementor-widget-wrap elementor-element-populated\">\n\t\t\t\t\t\t<div class=\"elementor-element elementor-element-06bf052 elementor-widget elementor-widget-heading\" data-id=\"06bf052\" data-element_type=\"widget\" data-widget_type=\"heading.default\">\n\t\t\t\t<div class=\"elementor-widget-container\">\n\t\t\t<span class=\"elementor-heading-title elementor-size-default\">quartier g\u00e9n\u00e9ral<\/span>\t\t<\/div>\n\t\t\t\t<\/div>\n\t\t\t\t<div class=\"elementor-element elementor-element-2e94180 elementor-widget elementor-widget-text-editor\" data-id=\"2e94180\" data-element_type=\"widget\" data-widget_type=\"text-editor.default\">\n\t\t\t\t<div class=\"elementor-widget-container\">\n\t\t\t\t\t\t\t<p>36 rue de Moncontour<\/p><p>22600 Loud\u00e9ac<\/p><p>0656698706<\/p>\t\t\t\t\t\t<\/div>\n\t\t\t\t<\/div>\n\t\t\t\t\t<\/div>\n\t\t<\/div>\n\t\t\t\t<div class=\"elementor-column elementor-col-50 elementor-inner-column elementor-element elementor-element-efaa4c7\" data-id=\"efaa4c7\" data-element_type=\"column\">\n\t\t\t<div class=\"elementor-widget-wrap elementor-element-populated\">\n\t\t\t\t\t\t<div class=\"elementor-element elementor-element-60ad17b elementor-widget elementor-widget-html\" data-id=\"60ad17b\" data-element_type=\"widget\" data-widget_type=\"html.default\">\n\t\t\t\t<div class=\"elementor-widget-container\">\n\t\t\t<script type=\"text\/javascript\" src=\"https:\/\/form.jotformeu.com\/jsform\/31145511266345\"><\/script>\t\t<\/div>\n\t\t\t\t<\/div>\n\t\t\t\t\t<\/div>\n\t\t<\/div>\n\t\t\t\t\t<\/div>\n\t\t<\/section>\n\t\t\t\t<div class=\"elementor-element elementor-element-789eb7f elementor-widget elementor-widget-blog-content\" data-id=\"789eb7f\" data-element_type=\"widget\" data-widget_type=\"blog-content.default\">\n\t\t\t\t<div class=\"elementor-widget-container\">\n\t\t\t            <div class=\"futurio-elementor-content\">\n                This is a dummy text to demonstration purposes. It will be replaced on blog feed with the post content\/excerpt. Do not use this widget in the posts\/pages. Lorem ipsum dolor sit amet, consectetuer adipiscing elit. Morbi scelerisque luctus velit. Etiam quis quam. Duis viverra diam non justo. Suspendisse sagittis ultrices augue. Duis sapien nunc, commodo et, interdum suscipit, sollicitudin et, dolor. Donec ipsum massa, ullamcorper in, auctor et. End of the dummy content.            <\/div>\n            \t\t<\/div>\n\t\t\t\t<\/div>\n\t\t\t\t<div class=\"elementor-element elementor-element-292dd28 elementor-widget elementor-widget-spacer\" data-id=\"292dd28\" data-element_type=\"widget\" data-widget_type=\"spacer.default\">\n\t\t\t\t<div class=\"elementor-widget-container\">\n\t\t\t<style>\/*! elementor - v3.21.0 - 25-04-2024 *\/\n.elementor-column .elementor-spacer-inner{height:var(--spacer-size)}.e-con{--container-widget-width:100%}.e-con-inner>.elementor-widget-spacer,.e-con>.elementor-widget-spacer{width:var(--container-widget-width,var(--spacer-size));--align-self:var(--container-widget-align-self,initial);--flex-shrink:0}.e-con-inner>.elementor-widget-spacer>.elementor-widget-container,.e-con>.elementor-widget-spacer>.elementor-widget-container{height:100%;width:100%}.e-con-inner>.elementor-widget-spacer>.elementor-widget-container>.elementor-spacer,.e-con>.elementor-widget-spacer>.elementor-widget-container>.elementor-spacer{height:100%}.e-con-inner>.elementor-widget-spacer>.elementor-widget-container>.elementor-spacer>.elementor-spacer-inner,.e-con>.elementor-widget-spacer>.elementor-widget-container>.elementor-spacer>.elementor-spacer-inner{height:var(--container-widget-height,var(--spacer-size))}.e-con-inner>.elementor-widget-spacer.elementor-widget-empty,.e-con>.elementor-widget-spacer.elementor-widget-empty{position:relative;min-height:22px;min-width:22px}.e-con-inner>.elementor-widget-spacer.elementor-widget-empty .elementor-widget-empty-icon,.e-con>.elementor-widget-spacer.elementor-widget-empty .elementor-widget-empty-icon{position:absolute;top:0;bottom:0;left:0;right:0;margin:auto;padding:0;width:22px;height:22px}<\/style>\t\t<div class=\"elementor-spacer\">\n\t\t\t<div class=\"elementor-spacer-inner\"><\/div>\n\t\t<\/div>\n\t\t\t\t<\/div>\n\t\t\t\t<\/div>\n\t\t\t\t<div class=\"elementor-element elementor-element-61e42a4 elementor-widget elementor-widget-spacer\" data-id=\"61e42a4\" data-element_type=\"widget\" data-widget_type=\"spacer.default\">\n\t\t\t\t<div class=\"elementor-widget-container\">\n\t\t\t\t\t<div class=\"elementor-spacer\">\n\t\t\t<div class=\"elementor-spacer-inner\"><\/div>\n\t\t<\/div>\n\t\t\t\t<\/div>\n\t\t\t\t<\/div>\n\t\t\t\t\t<\/div>\n\t\t<\/div>\n\t\t\t\t\t<\/div>\n\t\t<\/section>\n\t\t\t\t<\/div>\n\t\t","protected":false},"excerpt":{"rendered":"<p>Contactez nous Depuis cet \u00e9t\u00e9 Manon nous a rejoint afin de nous aider pour l&rsquo;organisations, cependant elle n&rsquo;est disponible que le Vendredi. quartier g\u00e9n\u00e9ral 36 rue de Moncontour 22600 Loud\u00e9ac 0656698706 This is a dummy text to demonstration purposes. It will be replaced on blog feed with the post content\/excerpt. Do not use this widget&hellip;<\/p>\n","protected":false},"author":1,"featured_media":0,"parent":0,"menu_order":0,"comment_status":"closed","ping_status":"closed","template":"","meta":{"footnotes":""},"class_list":["post-73","page","type-page","status-publish","hentry"],"yoast_head":"<!-- This site is optimized with the Yoast SEO plugin v22.5 - https:\/\/yoast.com\/wordpress\/plugins\/seo\/ -->\n<title>Contact - loudeac entreprendre<\/title>\n<meta name=\"robots\" content=\"index, follow, max-snippet:-1, max-image-preview:large, max-video-preview:-1\" \/>\n<link rel=\"canonical\" href=\"http:\/\/loudeac-entreprendre.com\/index.php\/contact\/\" \/>\n<meta property=\"og:locale\" content=\"fr_FR\" \/>\n<meta property=\"og:type\" content=\"article\" \/>\n<meta property=\"og:title\" content=\"Contact - loudeac entreprendre\" \/>\n<meta property=\"og:description\" content=\"Contactez nous Depuis cet \u00e9t\u00e9 Manon nous a rejoint afin de nous aider pour l&rsquo;organisations, cependant elle n&rsquo;est disponible que le Vendredi. quartier g\u00e9n\u00e9ral 36 rue de Moncontour 22600 Loud\u00e9ac 0656698706 This is a dummy text to demonstration purposes. It will be replaced on blog feed with the post content\/excerpt. Do not use this widget&hellip;\" \/>\n<meta property=\"og:url\" content=\"http:\/\/loudeac-entreprendre.com\/index.php\/contact\/\" \/>\n<meta property=\"og:site_name\" content=\"loudeac entreprendre\" \/>\n<meta property=\"article:publisher\" content=\"https:\/\/www.facebook.com\/unioncommercialeloudeac\/\" \/>\n<meta property=\"article:modified_time\" content=\"2022-12-05T10:43:11+00:00\" \/>\n<meta name=\"twitter:card\" content=\"summary_large_image\" \/>\n<meta name=\"twitter:label1\" content=\"Dur\u00e9e de lecture estim\u00e9e\" \/>\n\t<meta name=\"twitter:data1\" content=\"1 minute\" \/>\n<script type=\"application\/ld+json\" class=\"yoast-schema-graph\">{\"@context\":\"https:\/\/schema.org\",\"@graph\":[{\"@type\":\"WebPage\",\"@id\":\"http:\/\/loudeac-entreprendre.com\/index.php\/contact\/\",\"url\":\"http:\/\/loudeac-entreprendre.com\/index.php\/contact\/\",\"name\":\"Contact - loudeac entreprendre\",\"isPartOf\":{\"@id\":\"https:\/\/loudeac-entreprendre.com\/#website\"},\"datePublished\":\"2018-10-23T08:32:35+00:00\",\"dateModified\":\"2022-12-05T10:43:11+00:00\",\"breadcrumb\":{\"@id\":\"http:\/\/loudeac-entreprendre.com\/index.php\/contact\/#breadcrumb\"},\"inLanguage\":\"fr-FR\",\"potentialAction\":[{\"@type\":\"ReadAction\",\"target\":[\"http:\/\/loudeac-entreprendre.com\/index.php\/contact\/\"]}]},{\"@type\":\"BreadcrumbList\",\"@id\":\"http:\/\/loudeac-entreprendre.com\/index.php\/contact\/#breadcrumb\",\"itemListElement\":[{\"@type\":\"ListItem\",\"position\":1,\"name\":\"Accueil\",\"item\":\"https:\/\/loudeac-entreprendre.com\/\"},{\"@type\":\"ListItem\",\"position\":2,\"name\":\"Contact\"}]},{\"@type\":\"WebSite\",\"@id\":\"https:\/\/loudeac-entreprendre.com\/#website\",\"url\":\"https:\/\/loudeac-entreprendre.com\/\",\"name\":\"loudeac entreprendre\",\"description\":\"regroupement de loud\u00e9ac commerce et de tous les entrepreneurs de loud\u00e9ac\",\"publisher\":{\"@id\":\"https:\/\/loudeac-entreprendre.com\/#organization\"},\"potentialAction\":[{\"@type\":\"SearchAction\",\"target\":{\"@type\":\"EntryPoint\",\"urlTemplate\":\"https:\/\/loudeac-entreprendre.com\/?s={search_term_string}\"},\"query-input\":\"required name=search_term_string\"}],\"inLanguage\":\"fr-FR\"},{\"@type\":\"Organization\",\"@id\":\"https:\/\/loudeac-entreprendre.com\/#organization\",\"name\":\"loudeac entreprendre\",\"url\":\"https:\/\/loudeac-entreprendre.com\/\",\"logo\":{\"@type\":\"ImageObject\",\"inLanguage\":\"fr-FR\",\"@id\":\"https:\/\/loudeac-entreprendre.com\/#\/schema\/logo\/image\/\",\"url\":\"https:\/\/loudeac-entreprendre.com\/wp-content\/uploads\/2022\/11\/cropped-cropped-cropped-LOUDEAC-ENTREPRENDRE-logos-HZ-1.png\",\"contentUrl\":\"https:\/\/loudeac-entreprendre.com\/wp-content\/uploads\/2022\/11\/cropped-cropped-cropped-LOUDEAC-ENTREPRENDRE-logos-HZ-1.png\",\"width\":2000,\"height\":550,\"caption\":\"loudeac entreprendre\"},\"image\":{\"@id\":\"https:\/\/loudeac-entreprendre.com\/#\/schema\/logo\/image\/\"},\"sameAs\":[\"https:\/\/www.facebook.com\/unioncommercialeloudeac\/\"]}]}<\/script>\n<!-- \/ Yoast SEO plugin. -->","yoast_head_json":{"title":"Contact - loudeac entreprendre","robots":{"index":"index","follow":"follow","max-snippet":"max-snippet:-1","max-image-preview":"max-image-preview:large","max-video-preview":"max-video-preview:-1"},"canonical":"http:\/\/loudeac-entreprendre.com\/index.php\/contact\/","og_locale":"fr_FR","og_type":"article","og_title":"Contact - loudeac entreprendre","og_description":"Contactez nous Depuis cet \u00e9t\u00e9 Manon nous a rejoint afin de nous aider pour l&rsquo;organisations, cependant elle n&rsquo;est disponible que le Vendredi. quartier g\u00e9n\u00e9ral 36 rue de Moncontour 22600 Loud\u00e9ac 0656698706 This is a dummy text to demonstration purposes. It will be replaced on blog feed with the post content\/excerpt. Do not use this widget&hellip;","og_url":"http:\/\/loudeac-entreprendre.com\/index.php\/contact\/","og_site_name":"loudeac entreprendre","article_publisher":"https:\/\/www.facebook.com\/unioncommercialeloudeac\/","article_modified_time":"2022-12-05T10:43:11+00:00","twitter_card":"summary_large_image","twitter_misc":{"Dur\u00e9e de lecture estim\u00e9e":"1 minute"},"schema":{"@context":"https:\/\/schema.org","@graph":[{"@type":"WebPage","@id":"http:\/\/loudeac-entreprendre.com\/index.php\/contact\/","url":"http:\/\/loudeac-entreprendre.com\/index.php\/contact\/","name":"Contact - loudeac entreprendre","isPartOf":{"@id":"https:\/\/loudeac-entreprendre.com\/#website"},"datePublished":"2018-10-23T08:32:35+00:00","dateModified":"2022-12-05T10:43:11+00:00","breadcrumb":{"@id":"http:\/\/loudeac-entreprendre.com\/index.php\/contact\/#breadcrumb"},"inLanguage":"fr-FR","potentialAction":[{"@type":"ReadAction","target":["http:\/\/loudeac-entreprendre.com\/index.php\/contact\/"]}]},{"@type":"BreadcrumbList","@id":"http:\/\/loudeac-entreprendre.com\/index.php\/contact\/#breadcrumb","itemListElement":[{"@type":"ListItem","position":1,"name":"Accueil","item":"https:\/\/loudeac-entreprendre.com\/"},{"@type":"ListItem","position":2,"name":"Contact"}]},{"@type":"WebSite","@id":"https:\/\/loudeac-entreprendre.com\/#website","url":"https:\/\/loudeac-entreprendre.com\/","name":"loudeac entreprendre","description":"regroupement de loud\u00e9ac commerce et de tous les entrepreneurs de loud\u00e9ac","publisher":{"@id":"https:\/\/loudeac-entreprendre.com\/#organization"},"potentialAction":[{"@type":"SearchAction","target":{"@type":"EntryPoint","urlTemplate":"https:\/\/loudeac-entreprendre.com\/?s={search_term_string}"},"query-input":"required name=search_term_string"}],"inLanguage":"fr-FR"},{"@type":"Organization","@id":"https:\/\/loudeac-entreprendre.com\/#organization","name":"loudeac entreprendre","url":"https:\/\/loudeac-entreprendre.com\/","logo":{"@type":"ImageObject","inLanguage":"fr-FR","@id":"https:\/\/loudeac-entreprendre.com\/#\/schema\/logo\/image\/","url":"https:\/\/loudeac-entreprendre.com\/wp-content\/uploads\/2022\/11\/cropped-cropped-cropped-LOUDEAC-ENTREPRENDRE-logos-HZ-1.png","contentUrl":"https:\/\/loudeac-entreprendre.com\/wp-content\/uploads\/2022\/11\/cropped-cropped-cropped-LOUDEAC-ENTREPRENDRE-logos-HZ-1.png","width":2000,"height":550,"caption":"loudeac entreprendre"},"image":{"@id":"https:\/\/loudeac-entreprendre.com\/#\/schema\/logo\/image\/"},"sameAs":["https:\/\/www.facebook.com\/unioncommercialeloudeac\/"]}]}},"_links":{"self":[{"href":"https:\/\/loudeac-entreprendre.com\/index.php\/wp-json\/wp\/v2\/pages\/73","targetHints":{"allow":["GET"]}}],"collection":[{"href":"https:\/\/loudeac-entreprendre.com\/index.php\/wp-json\/wp\/v2\/pages"}],"about":[{"href":"https:\/\/loudeac-entreprendre.com\/index.php\/wp-json\/wp\/v2\/types\/page"}],"author":[{"embeddable":true,"href":"https:\/\/loudeac-entreprendre.com\/index.php\/wp-json\/wp\/v2\/users\/1"}],"replies":[{"embeddable":true,"href":"https:\/\/loudeac-entreprendre.com\/index.php\/wp-json\/wp\/v2\/comments?post=73"}],"version-history":[{"count":45,"href":"https:\/\/loudeac-entreprendre.com\/index.php\/wp-json\/wp\/v2\/pages\/73\/revisions"}],"predecessor-version":[{"id":610,"href":"https:\/\/loudeac-entreprendre.com\/index.php\/wp-json\/wp\/v2\/pages\/73\/revisions\/610"}],"wp:attachment":[{"href":"https:\/\/loudeac-entreprendre.com\/index.php\/wp-json\/wp\/v2\/media?parent=73"}],"curies":[{"name":"wp","href":"https:\/\/api.w.org\/{rel}","templated":true}]}}